{"id":3,"date":"2024-11-21T11:42:20","date_gmt":"2024-11-21T11:42:20","guid":{"rendered":"https:\/\/spri.siropeprojects.com\/?page_id=3"},"modified":"2024-12-05T15:57:30","modified_gmt":"2024-12-05T14:57:30","slug":"politica-de-privacidad","status":"publish","type":"page","link":"https:\/\/enpresadigitala.spri.eus\/es\/curso-inteligencia-artificial\/politica-de-privacidad\/","title":{"rendered":"Pol\u00edtica de privacidad"},"content":{"rendered":"<style>.kb-row-layout-id3_c6c41e-86 > .kt-row-column-wrap{align-content:start;}:where(.kb-row-layout-id3_c6c41e-86 > .kt-row-column-wrap) > .wp-block-kadence-column{justify-content:start;}.kb-row-layout-id3_c6c41e-86 > .kt-row-column-wrap{column-gap:var(--global-kb-gap-lg, 4rem);row-gap:var(--global-kb-gap-none, 0rem );max-width:1360px;margin-left:auto;margin-right:auto;padding-top:40px;padding-right:80px;padding-bottom:80px;padding-left:80px;grid-template-columns:minmax(0, 1fr);}.kb-row-layout-id3_c6c41e-86 > .kt-row-layout-overlay{opacity:0.30;}@media all and (max-width: 1024px){.kb-row-layout-id3_c6c41e-86 > .kt-row-column-wrap{padding-top:40px;padding-right:40px;padding-bottom:40px;padding-left:40px;grid-template-columns:minmax(0, 1fr);}}@media all and (max-width: 767px){.kb-row-layout-id3_c6c41e-86 > .kt-row-column-wrap{padding-top:20px;padding-right:20px;padding-bottom:40px;padding-left:20px;grid-template-columns:minmax(0, 1fr);}}<\/style><div class=\"kb-row-layout-wrap kb-row-layout-id3_c6c41e-86 alignnone wp-block-kadence-rowlayout\"><div class=\"kt-row-column-wrap kt-has-1-columns kt-row-layout-equal kt-tab-layout-inherit kt-mobile-layout-row kt-row-valign-top\">\n<style>.kadence-column3_565c94-7c > .kt-inside-inner-col,.kadence-column3_565c94-7c > .kt-inside-inner-col:before{border-top-left-radius:0px;border-top-right-radius:0px;border-bottom-right-radius:0px;border-bottom-left-radius:0px;}.kadence-column3_565c94-7c > .kt-inside-inner-col{column-gap:var(--global-kb-gap-sm, 1rem);}.kadence-column3_565c94-7c > .kt-inside-inner-col{flex-direction:column;}.kadence-column3_565c94-7c > .kt-inside-inner-col > .aligncenter{width:100%;}.kadence-column3_565c94-7c > .kt-inside-inner-col:before{opacity:0.3;}.kadence-column3_565c94-7c{position:relative;}@media all and (max-width: 1024px){.kadence-column3_565c94-7c > .kt-inside-inner-col{flex-direction:column;justify-content:center;}}@media all and (max-width: 767px){.kadence-column3_565c94-7c > .kt-inside-inner-col{flex-direction:column;justify-content:center;}}<\/style>\n<div class=\"wp-block-kadence-column kadence-column3_565c94-7c\"><div class=\"kt-inside-inner-col\"><style>.kb-row-layout-wrap.wp-block-kadence-rowlayout.kb-row-layout-id3_ac1fe5-b0{margin-top:0px;margin-bottom:20px;}.kb-row-layout-id3_ac1fe5-b0 > .kt-row-column-wrap{align-content:start;}:where(.kb-row-layout-id3_ac1fe5-b0 > .kt-row-column-wrap) > .wp-block-kadence-column{justify-content:start;}.kb-row-layout-id3_ac1fe5-b0 > .kt-row-column-wrap{column-gap:var(--global-kb-gap-none, 0rem );row-gap:var(--global-kb-gap-none, 0rem );padding-top:0px;padding-right:0px;padding-bottom:0px;padding-left:0px;grid-template-columns:minmax(0, 2fr) minmax(0, 1fr);}.kb-row-layout-id3_ac1fe5-b0 > .kt-row-layout-overlay{opacity:0.30;}@media all and (max-width: 1024px){.kb-row-layout-id3_ac1fe5-b0 > .kt-row-column-wrap{grid-template-columns:minmax(0, 2fr) minmax(0, 1fr);}}@media all and (max-width: 767px){.kb-row-layout-id3_ac1fe5-b0 > .kt-row-column-wrap{grid-template-columns:minmax(0, 2fr) minmax(0, 1fr);}}<\/style><div class=\"kb-row-layout-wrap kb-row-layout-id3_ac1fe5-b0 alignnone wp-block-kadence-rowlayout\"><div class=\"kt-row-column-wrap kt-has-2-columns kt-row-layout-left-golden kt-tab-layout-left-golden kt-mobile-layout-left-golden kt-row-valign-top\">\n<style>.kadence-column3_e315d1-ba > .kt-inside-inner-col,.kadence-column3_e315d1-ba > .kt-inside-inner-col:before{border-top-left-radius:0px;border-top-right-radius:0px;border-bottom-right-radius:0px;border-bottom-left-radius:0px;}.kadence-column3_e315d1-ba > .kt-inside-inner-col{column-gap:var(--global-kb-gap-sm, 1rem);}.kadence-column3_e315d1-ba > .kt-inside-inner-col{flex-direction:column;}.kadence-column3_e315d1-ba > .kt-inside-inner-col > .aligncenter{width:100%;}.kadence-column3_e315d1-ba > .kt-inside-inner-col:before{opacity:0.3;}.kadence-column3_e315d1-ba{position:relative;}@media all and (max-width: 1024px){.kadence-column3_e315d1-ba > .kt-inside-inner-col{flex-direction:column;justify-content:center;}}@media all and (max-width: 767px){.kadence-column3_e315d1-ba > .kt-inside-inner-col{flex-direction:column;justify-content:center;}}<\/style>\n<div class=\"wp-block-kadence-column kadence-column3_e315d1-ba\"><div class=\"kt-inside-inner-col\"><style>.wp-block-kadence-advancedbtn.kt-btns3_dc50d7-8e, .site .entry-content .wp-block-kadence-advancedbtn.kt-btns3_dc50d7-8e, .wp-block-kadence-advancedbtn.kb-btns3_dc50d7-8e, .site .entry-content .wp-block-kadence-advancedbtn.kb-btns3_dc50d7-8e{margin-top:0px;margin-right:0px;margin-bottom:0px;margin-left:0px;}.wp-block-kadence-advancedbtn.kb-btns3_dc50d7-8e{padding-top:0px;padding-right:0px;padding-bottom:0px;padding-left:0px;gap:var(--global-kb-gap-xs, 0.5rem );justify-content:flex-start;align-items:center;}.kt-btns3_dc50d7-8e .kt-button{font-weight:normal;font-style:normal;}.kt-btns3_dc50d7-8e .kt-btn-wrap-0{margin-right:5px;}.wp-block-kadence-advancedbtn.kt-btns3_dc50d7-8e .kt-btn-wrap-0 .kt-button{color:#555555;border-color:#555555;}.wp-block-kadence-advancedbtn.kt-btns3_dc50d7-8e .kt-btn-wrap-0 .kt-button:hover, .wp-block-kadence-advancedbtn.kt-btns3_dc50d7-8e .kt-btn-wrap-0 .kt-button:focus{color:#ffffff;border-color:#444444;}.wp-block-kadence-advancedbtn.kt-btns3_dc50d7-8e .kt-btn-wrap-0 .kt-button::before{display:none;}.wp-block-kadence-advancedbtn.kt-btns3_dc50d7-8e .kt-btn-wrap-0 .kt-button:hover, .wp-block-kadence-advancedbtn.kt-btns3_dc50d7-8e .kt-btn-wrap-0 .kt-button:focus{background:#444444;}<\/style>\n<div class=\"wp-block-kadence-advancedbtn kb-buttons-wrap kb-btns3_dc50d7-8e\"><style>ul.menu .wp-block-kadence-advancedbtn .kb-btn3_1d6d87-b3.kb-button{width:initial;}.wp-block-kadence-advancedbtn .kb-btn3_1d6d87-b3.kb-button{font-size:32px;border-top:0px solid;border-right:0px solid;border-bottom:0px solid;border-left:0px solid;padding-top:0px;padding-right:0px;padding-bottom:0px;padding-left:0px;margin-top:0px;margin-right:0px;margin-bottom:0px;margin-left:0px;}.kb-btn3_1d6d87-b3.kb-button .kb-svg-icon-wrap{padding-top:0px;padding-right:0px;padding-bottom:0px;padding-left:0px;font-size:42px;--kb-button-icon-size:42px;}@media all and (max-width: 1024px){.wp-block-kadence-advancedbtn .kb-btn3_1d6d87-b3.kb-button{border-top:0px solid;border-right:0px solid;border-bottom:0px solid;border-left:0px solid;}}@media all and (max-width: 767px){.wp-block-kadence-advancedbtn .kb-btn3_1d6d87-b3.kb-button{border-top:0px solid;border-right:0px solid;border-bottom:0px solid;border-left:0px solid;}}<\/style><a class=\"kb-button kt-button button kb-btn3_1d6d87-b3 kt-btn-size-standard kt-btn-width-type-auto kb-btn-global-outline  kt-btn-has-text-true kt-btn-has-svg-true  wp-block-kadence-singlebtn\" href=\"https:\/\/enpresadigitala.spri.eus\/es\/curso-inteligencia-artificial\/\"><span class=\"kb-svg-icon-wrap kb-svg-icon-fe_arrowLeft kt-btn-icon-side-left\"><svg viewBox=\"0 0 24 24\"  fill=\"none\" stroke=\"currentColor\" stroke-width=\"2\" stroke-linecap=\"round\" stroke-linejoin=\"round\" xmlns=\"http:\/\/www.w3.org\/2000\/svg\"  aria-hidden=\"true\"><line x1=\"19\" y1=\"12\" x2=\"5\" y2=\"12\"\/><polyline points=\"12 19 5 12 12 5\"\/><\/svg><\/span><span class=\"kt-btn-inner-text\">Inicio<\/span><\/a><\/div>\n<\/div><\/div>\n\n\n<style>.kadence-column3_6a9933-9b > .kt-inside-inner-col,.kadence-column3_6a9933-9b > .kt-inside-inner-col:before{border-top-left-radius:0px;border-top-right-radius:0px;border-bottom-right-radius:0px;border-bottom-left-radius:0px;}.kadence-column3_6a9933-9b > .kt-inside-inner-col{column-gap:var(--global-kb-gap-sm, 1rem);}.kadence-column3_6a9933-9b > .kt-inside-inner-col{flex-direction:column;}.kadence-column3_6a9933-9b > .kt-inside-inner-col > .aligncenter{width:100%;}.kadence-column3_6a9933-9b > .kt-inside-inner-col:before{opacity:0.3;}.kadence-column3_6a9933-9b{position:relative;}@media all and (max-width: 1024px){.kadence-column3_6a9933-9b > .kt-inside-inner-col{flex-direction:column;justify-content:center;}}@media all and (max-width: 767px){.kadence-column3_6a9933-9b > .kt-inside-inner-col{flex-direction:column;justify-content:center;}}<\/style>\n<div class=\"wp-block-kadence-column kadence-column3_6a9933-9b\"><div class=\"kt-inside-inner-col\">    <ul class=\"menu-idioma\">\n       \n        <li><a href=\"https:\/\/enpresadigitala.spri.eus\/eu\/\">EU<\/a><\/li>\n    <\/ul>\n    \n<\/div><\/div>\n\n<\/div><\/div>\n\n<style>.wp-block-kadence-advancedheading.kt-adv-heading3_0a6160-12, .wp-block-kadence-advancedheading.kt-adv-heading3_0a6160-12[data-kb-block=\"kb-adv-heading3_0a6160-12\"]{padding-top:0px;padding-right:0px;padding-bottom:0px;padding-left:0px;margin-top:0px;margin-right:0px;margin-bottom:20px;margin-left:0px;text-align:left;font-style:normal;}.wp-block-kadence-advancedheading.kt-adv-heading3_0a6160-12 mark.kt-highlight, .wp-block-kadence-advancedheading.kt-adv-heading3_0a6160-12[data-kb-block=\"kb-adv-heading3_0a6160-12\"] mark.kt-highlight{font-style:normal;color:#f76a0c;-webkit-box-decoration-break:clone;box-decoration-break:clone;padding-top:0px;padding-right:0px;padding-bottom:0px;padding-left:0px;}.wp-block-kadence-advancedheading.kt-adv-heading3_0a6160-12 img.kb-inline-image, .wp-block-kadence-advancedheading.kt-adv-heading3_0a6160-12[data-kb-block=\"kb-adv-heading3_0a6160-12\"] img.kb-inline-image{width:150px;vertical-align:baseline;}<\/style>\n<h1 class=\"kt-adv-heading3_0a6160-12 wp-block-kadence-advancedheading\" data-kb-block=\"kb-adv-heading3_0a6160-12\">Pol\u00edtica de privacidad<\/h1>\n\n\n\n<p>Conforme a la Ley Org\u00e1nica 3\/2018, de 5 de diciembre, de Protecci\u00f3n de Datos Personales y garant\u00eda de los derechos digitales (LOPDGDD), y al Reglamento (UE) 2016\/679, del Parlamento Europeo y del Consejo, de 27 de abril (\u201cReglamento General de Protecci\u00f3n de Datos\u201d o \u201cRGPD\u201d), esta Pol\u00edtica de Privacidad se aplica a los tratamientos de datos de car\u00e1cter personal en relaci\u00f3n con los datos de los usuarios\/as (personas f\u00edsicas) recabados en cualquiera de la secciones del sitio web.<\/p>\n\n\n\n<p>Si no est\u00e1 usted de acuerdo con los t\u00e9rminos de esta Pol\u00edtica, no acceda ni rellene los formularios puestos a disposici\u00f3n en la web. Esta Pol\u00edtica de privacidad no es aplicable a ning\u00fan otro producto, servicio o actividad de terceros.<\/p>\n\n\n\n<p><strong>RESPONSABLE DEL TRATAMIENTO DE SUS DATOS.<\/strong><\/p>\n\n\n\n<p>La entidad responsable del tratamiento de sus datos es:<\/p>\n\n\n\n<ul class=\"wp-block-list\">\n<li><strong>Mondragon Goi Eskola Politeknikoa Jose Mar\u00eda Arizmendiarrieta S.Coop<\/strong>. (en adelante MGEP) CIF F20560991. Loramendi 4, 20500 Arrasate\/Mondragon. Registro Universidades Centros y T\u00edtulos del Ministerio de Educaci\u00f3n n.\u00ba 601. <a href=\"mailto:info.mgep@mondragon.edu\">info.mgep@mondragon.edu<\/a>&nbsp;<\/li>\n<\/ul>\n\n\n\n<p><strong>FINALIDADES DEL TRATAMIENTO DE DATOS<\/strong><\/p>\n\n\n\n<p>Sus datos personales se tratar\u00e1n con la finalidad gen\u00e9rica de la gesti\u00f3n y administraci\u00f3n de la web. Y espec\u00edficamente para:<\/p>\n\n\n\n<ul class=\"wp-block-list\">\n<li>Para <strong>gestionar y administrar<\/strong> las solicitudes de plazas realizadas a trav\u00e9s de la web<\/li>\n\n\n\n<li>Para <strong>comunicar con los usuarios\/as<\/strong> en respuesta a solicitudes, inscripciones, comentarios y preguntas que nos realice.<\/li>\n\n\n\n<li>Para remisi\u00f3n de <strong>comunicaciones<\/strong> sobre acciones formativas y eventos de Ezkerraldea Enpresa Digitala<\/li>\n<\/ul>\n\n\n\n<p>No trataremos sus datos personales para ninguna otra finalidad m\u00e1s all\u00e1 de las descritas anteriormente salvo que venga impuesto por ley o exista alg\u00fan requerimiento judicial.<\/p>\n\n\n\n<p>Las solicitudes de informaci\u00f3n que nos haga llegar requieren que el interesado nos facilite de forma voluntaria los datos necesarios para poder atenderle o prestarle los Servicios. La obligatoriedad o necesidad de facilitarnos esos datos se se\u00f1alar\u00e1 con un asterisco (*) en los formularios o secciones correspondientes a cada servicio.<\/p>\n\n\n\n<p>No obstante, el interesado puede libremente negarse a facilitarnos esos datos o, posteriormente, revocar el consentimiento previamente otorgado para tratar sus datos, si bien esa negativa implicar\u00e1 la imposibilidad de que podamos atender su petici\u00f3n o prestarle el servicio que se trate.<\/p>\n\n\n\n<p>MGEP entiende que al facilitarnos esos datos, el interesado garantiza y se hace responsable de la veracidad, actualidad y exactitud de los mismos y que acepta y consiente expresamente en su tratamiento para las finalidades antes descritas.<br><\/p>\n\n\n\n<p><strong>DURACI\u00d3N DEL TRATAMIENTO DE DATOS.<\/strong>&nbsp;<\/p>\n\n\n\n<p>Se conservar\u00e1n y tratar\u00e1n los datos personales recabados para el env\u00edo de informaci\u00f3n, comunicaciones comerciales, newsletter, etc desde el momento que el usuario\/a presta su consentimiento hasta que solicite, ser dado de baja o retire su consentimiento para el tratamiento de datos.<\/p>\n\n\n\n<p>En el caso de datos de solicitud de plazas se conservar\u00e1n hasta el momento de la inscripci\u00f3n al mismo.<\/p>\n\n\n\n<p><strong>TOMA DE DECISONES AUTOMATIZADAS Y ELABORACI\u00d3N DE PERFILES<\/strong><\/p>\n\n\n\n<p>El tratamiento de datos personales no conlleva la toma de decisiones automatizadas ni la elaboraci\u00f3n de perfiles de los usuarios<\/p>\n\n\n\n<p><strong>LEGITIMACI\u00d3N DEL TRATAMIENTO DE LOS DATOS<\/strong><\/p>\n\n\n\n<p>La base legal para el tratamiento de los datos es la legitimaci\u00f3n basada en el <strong>consentimiento del interesado<\/strong> prestado para las finalidades anteriormente descritas, que se solicitar\u00e1 en el momento de:<\/p>\n\n\n\n<ul class=\"wp-block-list\">\n<li>de proceder a tratar sus datos<\/li>\n\n\n\n<li>de la inclusi\u00f3n de sus datos en nuestros formularios<\/li>\n<\/ul>\n\n\n\n<p>El alta en la web como las solicitudes de informaci\u00f3n que nos haga llegar requieren que el interesado nos facilite de forma voluntaria los datos necesarios para poder atenderle o atender su solicitud. No obstante, el interesado puede libremente negarse a facilitarnos esos datos o, posteriormente, revocar el consentimiento previamente otorgado para tratar sus datos, si bien esa negativa implicar\u00e1 la imposibilidad de que podamos atender su petici\u00f3n o continuar con las solicitudes realizadas.<\/p>\n\n\n\n<p>MGEP&nbsp; entiende que al facilitarnos esos datos, el interesado garantiza y se hace responsable de la veracidad, actualidad y exactitud de los mismos y que acepta y consiente expresamente en su tratamiento para las finalidades antes descritas.<\/p>\n\n\n\n<p><strong>Posibilidad de retirar el consentimiento: <\/strong>El usuario\/a tiene derecho a retirar el consentimiento en cualquier momento, sin que ello afecte a la licitud del tratamiento basado en el consentimiento previo a su retirada. Asimismo, el usuario\/a podr\u00e1 oponerse en cualquier momento a la recepci\u00f3n de cualquier comunicaci\u00f3n electr\u00f3nica realizada.<\/p>\n\n\n\n<p><strong>DESTINATARIOS DE CESIONES O TRANSFERENCIAS.<\/strong><\/p>\n\n\n\n<p>Sus datos personales podr\u00e1n ser cedidos a SPRI &#8211; Agencia Vasca de Desarrollo Empresarial, Ente P\u00fablico de Derecho Privado con CIF Q4800789B Alameda Urquijo, 36-4\u00ba &#8211; 48011 Bilbao \u2013 Bizkaia con la finalidad de la gesti\u00f3n y administraci\u00f3n de la web e inscripciones.<\/p>\n\n\n\n<p>MGEP no ceder\u00e1 sus datos personales a terceros salvo que est\u00e9n obligados legalmente a ello o usted nos lo haya autorizado expresamente. Asimismo MGEP no realizar\u00e1 ninguna transferencia internacional de datos.<\/p>\n\n\n\n<p>Finalmente MGEP le informa que puede utilizar para la finalidades determinadas anteriormente diferentes servicios o proveedores de tecnolog\u00eda considerados a tenor de la normativa de protecci\u00f3n de datos como encargados de tratamiento firmando con ellos los correspondientes contratos exigidos por la normativa de referencia.<\/p>\n\n\n\n<p><strong>DERECHOS DE LAS PERSONAS INTERESADAS.<\/strong><\/p>\n\n\n\n<p>Cualquier persona tiene derecho a obtener confirmaci\u00f3n sobre si se tratan datos personales que le conciernan, o no. En particular, usted puede ejercer los siguientes derechos:<\/p>\n\n\n\n<ul class=\"wp-block-list\">\n<li><strong>Derecho de acceso:<\/strong> permite al interesado conocer y obtener informaci\u00f3n sobre sus datos de car\u00e1cter personal sometidos a tratamiento.<\/li>\n\n\n\n<li><strong>Derecho de rectificaci\u00f3n:<\/strong> permite corregir errores, modificar los datos que resulten ser inexactos o incompletos y garantizar la certeza de la informaci\u00f3n objeto del tratamiento.<\/li>\n\n\n\n<li><strong>Derecho de supresi\u00f3n: <\/strong>permite solicitar la eliminaci\u00f3n de los datos objeto de tratamiento cuando ya no sean necesarios.<\/li>\n\n\n\n<li><strong>Derecho de oposici\u00f3n: <\/strong>derecho del interesado a que no se lleve a cabo el tratamiento de sus datos de car\u00e1cter personal o se cese en el mismo, salvo motivos leg\u00edtimos o para el ejercicio o defensa de posibles reclamaciones, en cuyo caso los mantendremos bloqueados durante el plazo correspondiente mientras persistan las obligaciones legales.<\/li>\n\n\n\n<li><strong>Derecho de oposici\u00f3n al env\u00edo de publicidad: <\/strong>Los interesados podr\u00e1n oponerse al env\u00edo de comunicaciones. En ese caso puede revocar en cualquier momento su consentimiento a recibir estas notificaciones utilizando el mecanismo implementado al efecto en las mismas, o bien, escribiendo directamente a la direcci\u00f3n estipulada para ello.<\/li>\n\n\n\n<li><strong>Limitaci\u00f3n del tratamiento: <\/strong>En determinadas circunstancias, los interesados podr\u00e1n solicitar la limitaci\u00f3n del tratamiento de sus datos, en cuyo caso \u00fanicamente se conservar\u00e1n para el ejercicio o defensa de reclamaciones.<\/li>\n\n\n\n<li><strong>Portabilidad de los datos: <\/strong>las personas interesadas pueden solicitar recibir los datos que le incumban y que nos haya facilitado o que \u2013siempre que t\u00e9cnicamente sea posible\u2013 se los enviemos a otro responsable de tratamiento de su elecci\u00f3n, en un formato estructurado de uso com\u00fan y lectura mec\u00e1nica.<\/li>\n\n\n\n<li><strong>Derecho a no ser objeto de decisiones individuales automatizadas <\/strong>(incluida la elaboraci\u00f3n de perfiles)<strong>:<\/strong> derecho a no ser objeto de una decisi\u00f3n basada en el tratamiento automatizado que produzca efectos o afecte significativamente.<\/li>\n<\/ul>\n\n\n\n<p>Si desea ejercer alguno de los derechos expuestos, rogamos que nos remita carta con todos sus datos, incluyendo DNI a: Loramendi, 4, 20500 Arrasate \/ Mondragon o a trav\u00e9s del email <a href=\"mailto:dpo.mgep@mondragon.edu\">dpo.mgep@mondragon.edu<\/a><\/p>\n\n\n\n<p>Asimismo puede contactar con nuestro Delegado de Protecci\u00f3n de Datos (DPO) a trav\u00e9s de la siguiente direcci\u00f3n o email: <a href=\"mailto:dpo.mgep@mondragon.edu\">dpo.mgep@mondragon.edu<\/a><\/p>\n\n\n\n<p><strong>Posibilidad de reclamar ante la Autoridad de Control:<\/strong> MGEP le informa igualmente del derecho que le asiste de presentar una reclamaci\u00f3n ante la Autoridad Vasca de Protecci\u00f3n de Datos <a href=\"http:\/\/www.avpd.eus\" rel=\"nofollow noopener\" target=\"_blank\">www.avpd.eus<\/a> si considera que el tratamiento no se ajusta a la normativa vigente.<\/p>\n<\/div><\/div>\n\n<\/div><\/div>","protected":false},"excerpt":{"rendered":"<p>Pol\u00edtica de privacidad Conforme a la Ley Org\u00e1nica 3\/2018, de 5 de diciembre, de Protecci\u00f3n de Datos Personales y garant\u00eda de los derechos digitales (LOPDGDD), y al Reglamento (UE) 2016\/679, del Parlamento Europeo y del Consejo, de 27 de abril (\u201cReglamento General de Protecci\u00f3n de Datos\u201d o \u201cRGPD\u201d), esta Pol\u00edtica de Privacidad se aplica a&#8230;<\/p>\n","protected":false},"author":1,"featured_media":702,"parent":0,"menu_order":0,"comment_status":"closed","ping_status":"closed","template":"","meta":{"inline_featured_image":false,"_kad_blocks_custom_css":"","_kad_blocks_head_custom_js":"","_kad_blocks_body_custom_js":"","_kad_blocks_footer_custom_js":"","_kad_post_transparent":"","_kad_post_title":"","_kad_post_layout":"","_kad_post_sidebar_id":"","_kad_post_content_style":"","_kad_post_vertical_padding":"","_kad_post_feature":"","_kad_post_feature_position":"","_kad_post_header":false,"_kad_post_footer":false,"_kad_post_classname":"","footnotes":""},"class_list":["post-3","page","type-page","status-publish","has-post-thumbnail","hentry"],"taxonomy_info":[],"featured_image_src_large":["https:\/\/enpresadigitala.spri.eus\/es\/curso-inteligencia-artificial\/wp-content\/uploads\/2024\/12\/favicon.jpg",734,734,false],"author_info":{"display_name":"Curso inteligencia artificial - BAIC\/SPRI\/MU","author_link":"https:\/\/enpresadigitala.spri.eus\/es\/curso-inteligencia-artificial\/author\/web_mh3tsput\/"},"comment_info":0,"_links":{"self":[{"href":"https:\/\/enpresadigitala.spri.eus\/es\/curso-inteligencia-artificial\/wp-json\/wp\/v2\/pages\/3","targetHints":{"allow":["GET"]}}],"collection":[{"href":"https:\/\/enpresadigitala.spri.eus\/es\/curso-inteligencia-artificial\/wp-json\/wp\/v2\/pages"}],"about":[{"href":"https:\/\/enpresadigitala.spri.eus\/es\/curso-inteligencia-artificial\/wp-json\/wp\/v2\/types\/page"}],"author":[{"embeddable":true,"href":"https:\/\/enpresadigitala.spri.eus\/es\/curso-inteligencia-artificial\/wp-json\/wp\/v2\/users\/1"}],"replies":[{"embeddable":true,"href":"https:\/\/enpresadigitala.spri.eus\/es\/curso-inteligencia-artificial\/wp-json\/wp\/v2\/comments?post=3"}],"version-history":[{"count":13,"href":"https:\/\/enpresadigitala.spri.eus\/es\/curso-inteligencia-artificial\/wp-json\/wp\/v2\/pages\/3\/revisions"}],"predecessor-version":[{"id":731,"href":"https:\/\/enpresadigitala.spri.eus\/es\/curso-inteligencia-artificial\/wp-json\/wp\/v2\/pages\/3\/revisions\/731"}],"wp:featuredmedia":[{"embeddable":true,"href":"https:\/\/enpresadigitala.spri.eus\/es\/curso-inteligencia-artificial\/wp-json\/wp\/v2\/media\/702"}],"wp:attachment":[{"href":"https:\/\/enpresadigitala.spri.eus\/es\/curso-inteligencia-artificial\/wp-json\/wp\/v2\/media?parent=3"}],"curies":[{"name":"wp","href":"https:\/\/api.w.org\/{rel}","templated":true}]}}