{"id":221,"date":"2024-11-22T12:43:02","date_gmt":"2024-11-22T11:43:02","guid":{"rendered":"https:\/\/spri.siropeprojects.com\/?page_id=221"},"modified":"2024-12-05T15:56:01","modified_gmt":"2024-12-05T14:56:01","slug":"aviso-legal","status":"publish","type":"page","link":"https:\/\/enpresadigitala.spri.eus\/es\/curso-inteligencia-artificial\/aviso-legal\/","title":{"rendered":"Aviso legal"},"content":{"rendered":"<style>.kb-row-layout-id221_5baf4e-88 > .kt-row-column-wrap{align-content:start;}:where(.kb-row-layout-id221_5baf4e-88 > .kt-row-column-wrap) > .wp-block-kadence-column{justify-content:start;}.kb-row-layout-id221_5baf4e-88 > .kt-row-column-wrap{column-gap:var(--global-kb-gap-lg, 4rem);row-gap:var(--global-kb-gap-none, 0rem );max-width:1360px;margin-left:auto;margin-right:auto;padding-top:40px;padding-right:80px;padding-bottom:80px;padding-left:80px;grid-template-columns:minmax(0, 1fr);}.kb-row-layout-id221_5baf4e-88 > .kt-row-layout-overlay{opacity:0.30;}@media all and (max-width: 1024px){.kb-row-layout-id221_5baf4e-88 > .kt-row-column-wrap{padding-top:40px;padding-right:40px;padding-bottom:40px;padding-left:40px;grid-template-columns:minmax(0, 1fr);}}@media all and (max-width: 767px){.kb-row-layout-id221_5baf4e-88 > .kt-row-column-wrap{padding-top:20px;padding-right:20px;padding-bottom:40px;padding-left:20px;grid-template-columns:minmax(0, 1fr);}}<\/style><div class=\"kb-row-layout-wrap kb-row-layout-id221_5baf4e-88 alignnone wp-block-kadence-rowlayout\"><div class=\"kt-row-column-wrap kt-has-1-columns kt-row-layout-equal kt-tab-layout-inherit kt-mobile-layout-row kt-row-valign-top\">\n<style>.kadence-column221_6e8bab-c2 > .kt-inside-inner-col,.kadence-column221_6e8bab-c2 > .kt-inside-inner-col:before{border-top-left-radius:0px;border-top-right-radius:0px;border-bottom-right-radius:0px;border-bottom-left-radius:0px;}.kadence-column221_6e8bab-c2 > .kt-inside-inner-col{column-gap:var(--global-kb-gap-sm, 1rem);}.kadence-column221_6e8bab-c2 > .kt-inside-inner-col{flex-direction:column;}.kadence-column221_6e8bab-c2 > .kt-inside-inner-col > .aligncenter{width:100%;}.kadence-column221_6e8bab-c2 > .kt-inside-inner-col:before{opacity:0.3;}.kadence-column221_6e8bab-c2{position:relative;}@media all and (max-width: 1024px){.kadence-column221_6e8bab-c2 > .kt-inside-inner-col{flex-direction:column;justify-content:center;}}@media all and (max-width: 767px){.kadence-column221_6e8bab-c2 > .kt-inside-inner-col{flex-direction:column;justify-content:center;}}<\/style>\n<div class=\"wp-block-kadence-column kadence-column221_6e8bab-c2\"><div class=\"kt-inside-inner-col\"><style>.kb-row-layout-wrap.wp-block-kadence-rowlayout.kb-row-layout-id221_30f58d-61{margin-top:0px;margin-bottom:20px;}.kb-row-layout-id221_30f58d-61 > .kt-row-column-wrap{align-content:start;}:where(.kb-row-layout-id221_30f58d-61 > .kt-row-column-wrap) > .wp-block-kadence-column{justify-content:start;}.kb-row-layout-id221_30f58d-61 > .kt-row-column-wrap{column-gap:var(--global-kb-gap-none, 0rem );row-gap:var(--global-kb-gap-none, 0rem );padding-top:0px;padding-right:0px;padding-bottom:0px;padding-left:0px;grid-template-columns:minmax(0, 2fr) minmax(0, 1fr);}.kb-row-layout-id221_30f58d-61 > .kt-row-layout-overlay{opacity:0.30;}@media all and (max-width: 1024px){.kb-row-layout-id221_30f58d-61 > .kt-row-column-wrap{grid-template-columns:minmax(0, 2fr) minmax(0, 1fr);}}@media all and (max-width: 767px){.kb-row-layout-id221_30f58d-61 > .kt-row-column-wrap{grid-template-columns:minmax(0, 2fr) minmax(0, 1fr);}}<\/style><div class=\"kb-row-layout-wrap kb-row-layout-id221_30f58d-61 alignnone wp-block-kadence-rowlayout\"><div class=\"kt-row-column-wrap kt-has-2-columns kt-row-layout-left-golden kt-tab-layout-left-golden kt-mobile-layout-left-golden kt-row-valign-top\">\n<style>.kadence-column221_21a820-86 > .kt-inside-inner-col,.kadence-column221_21a820-86 > .kt-inside-inner-col:before{border-top-left-radius:0px;border-top-right-radius:0px;border-bottom-right-radius:0px;border-bottom-left-radius:0px;}.kadence-column221_21a820-86 > .kt-inside-inner-col{column-gap:var(--global-kb-gap-sm, 1rem);}.kadence-column221_21a820-86 > .kt-inside-inner-col{flex-direction:column;}.kadence-column221_21a820-86 > .kt-inside-inner-col > .aligncenter{width:100%;}.kadence-column221_21a820-86 > .kt-inside-inner-col:before{opacity:0.3;}.kadence-column221_21a820-86{position:relative;}@media all and (max-width: 1024px){.kadence-column221_21a820-86 > .kt-inside-inner-col{flex-direction:column;justify-content:center;}}@media all and (max-width: 767px){.kadence-column221_21a820-86 > .kt-inside-inner-col{flex-direction:column;justify-content:center;}}<\/style>\n<div class=\"wp-block-kadence-column kadence-column221_21a820-86\"><div class=\"kt-inside-inner-col\"><style>.wp-block-kadence-advancedbtn.kt-btns221_607c98-01, .site .entry-content .wp-block-kadence-advancedbtn.kt-btns221_607c98-01, .wp-block-kadence-advancedbtn.kb-btns221_607c98-01, .site .entry-content .wp-block-kadence-advancedbtn.kb-btns221_607c98-01{margin-top:0px;margin-right:0px;margin-bottom:0px;margin-left:0px;}.wp-block-kadence-advancedbtn.kb-btns221_607c98-01{padding-top:0px;padding-right:0px;padding-bottom:0px;padding-left:0px;gap:var(--global-kb-gap-xs, 0.5rem );justify-content:flex-start;align-items:center;}.kt-btns221_607c98-01 .kt-button{font-weight:normal;font-style:normal;}.kt-btns221_607c98-01 .kt-btn-wrap-0{margin-right:5px;}.wp-block-kadence-advancedbtn.kt-btns221_607c98-01 .kt-btn-wrap-0 .kt-button{color:#555555;border-color:#555555;}.wp-block-kadence-advancedbtn.kt-btns221_607c98-01 .kt-btn-wrap-0 .kt-button:hover, .wp-block-kadence-advancedbtn.kt-btns221_607c98-01 .kt-btn-wrap-0 .kt-button:focus{color:#ffffff;border-color:#444444;}.wp-block-kadence-advancedbtn.kt-btns221_607c98-01 .kt-btn-wrap-0 .kt-button::before{display:none;}.wp-block-kadence-advancedbtn.kt-btns221_607c98-01 .kt-btn-wrap-0 .kt-button:hover, .wp-block-kadence-advancedbtn.kt-btns221_607c98-01 .kt-btn-wrap-0 .kt-button:focus{background:#444444;}<\/style>\n<div class=\"wp-block-kadence-advancedbtn kb-buttons-wrap kb-btns221_607c98-01\"><style>ul.menu .wp-block-kadence-advancedbtn .kb-btn221_a04a1f-0a.kb-button{width:initial;}.wp-block-kadence-advancedbtn .kb-btn221_a04a1f-0a.kb-button{font-size:32px;border-top:0px solid;border-right:0px solid;border-bottom:0px solid;border-left:0px solid;padding-top:0px;padding-right:0px;padding-bottom:0px;padding-left:0px;margin-top:0px;margin-right:0px;margin-bottom:0px;margin-left:0px;}.kb-btn221_a04a1f-0a.kb-button .kb-svg-icon-wrap{padding-top:0px;padding-right:0px;padding-bottom:0px;padding-left:0px;font-size:42px;--kb-button-icon-size:42px;}@media all and (max-width: 1024px){.wp-block-kadence-advancedbtn .kb-btn221_a04a1f-0a.kb-button{border-top:0px solid;border-right:0px solid;border-bottom:0px solid;border-left:0px solid;}}@media all and (max-width: 767px){.wp-block-kadence-advancedbtn .kb-btn221_a04a1f-0a.kb-button{border-top:0px solid;border-right:0px solid;border-bottom:0px solid;border-left:0px solid;}}<\/style><a class=\"kb-button kt-button button kb-btn221_a04a1f-0a kt-btn-size-standard kt-btn-width-type-auto kb-btn-global-outline  kt-btn-has-text-true kt-btn-has-svg-true  wp-block-kadence-singlebtn\" href=\"https:\/\/enpresadigitala.spri.eus\/es\/curso-inteligencia-artificial\/\"><span class=\"kb-svg-icon-wrap kb-svg-icon-fe_arrowLeft kt-btn-icon-side-left\"><svg viewBox=\"0 0 24 24\"  fill=\"none\" stroke=\"currentColor\" stroke-width=\"2\" stroke-linecap=\"round\" stroke-linejoin=\"round\" xmlns=\"http:\/\/www.w3.org\/2000\/svg\"  aria-hidden=\"true\"><line x1=\"19\" y1=\"12\" x2=\"5\" y2=\"12\"\/><polyline points=\"12 19 5 12 12 5\"\/><\/svg><\/span><span class=\"kt-btn-inner-text\">Inicio<\/span><\/a><\/div>\n<\/div><\/div>\n\n\n<style>.kadence-column221_e9a621-b9 > .kt-inside-inner-col,.kadence-column221_e9a621-b9 > .kt-inside-inner-col:before{border-top-left-radius:0px;border-top-right-radius:0px;border-bottom-right-radius:0px;border-bottom-left-radius:0px;}.kadence-column221_e9a621-b9 > .kt-inside-inner-col{column-gap:var(--global-kb-gap-sm, 1rem);}.kadence-column221_e9a621-b9 > .kt-inside-inner-col{flex-direction:column;}.kadence-column221_e9a621-b9 > .kt-inside-inner-col > .aligncenter{width:100%;}.kadence-column221_e9a621-b9 > .kt-inside-inner-col:before{opacity:0.3;}.kadence-column221_e9a621-b9{position:relative;}@media all and (max-width: 1024px){.kadence-column221_e9a621-b9 > .kt-inside-inner-col{flex-direction:column;justify-content:center;}}@media all and (max-width: 767px){.kadence-column221_e9a621-b9 > .kt-inside-inner-col{flex-direction:column;justify-content:center;}}<\/style>\n<div class=\"wp-block-kadence-column kadence-column221_e9a621-b9\"><div class=\"kt-inside-inner-col\">    <ul class=\"menu-idioma\">\n       \n        <li><a href=\"https:\/\/enpresadigitala.spri.eus\/eu\/\">EU<\/a><\/li>\n    <\/ul>\n    \n<\/div><\/div>\n\n<\/div><\/div>\n\n<style>.wp-block-kadence-advancedheading.kt-adv-heading221_e6c544-f8, .wp-block-kadence-advancedheading.kt-adv-heading221_e6c544-f8[data-kb-block=\"kb-adv-heading221_e6c544-f8\"]{padding-top:0px;padding-right:0px;padding-bottom:0px;padding-left:0px;margin-top:0px;margin-right:0px;margin-bottom:20px;margin-left:0px;text-align:left;font-style:normal;}.wp-block-kadence-advancedheading.kt-adv-heading221_e6c544-f8 mark.kt-highlight, .wp-block-kadence-advancedheading.kt-adv-heading221_e6c544-f8[data-kb-block=\"kb-adv-heading221_e6c544-f8\"] mark.kt-highlight{font-style:normal;color:#f76a0c;-webkit-box-decoration-break:clone;box-decoration-break:clone;padding-top:0px;padding-right:0px;padding-bottom:0px;padding-left:0px;}.wp-block-kadence-advancedheading.kt-adv-heading221_e6c544-f8 img.kb-inline-image, .wp-block-kadence-advancedheading.kt-adv-heading221_e6c544-f8[data-kb-block=\"kb-adv-heading221_e6c544-f8\"] img.kb-inline-image{width:150px;vertical-align:baseline;}<\/style>\n<h1 class=\"kt-adv-heading221_e6c544-f8 wp-block-kadence-advancedheading\" data-kb-block=\"kb-adv-heading221_e6c544-f8\">Aviso legal<\/h1>\n\n\n\n<p>En cumplimiento de la Ley 34\/2002 de 11 de julio, de servicios de la sociedad de la informaci\u00f3n y comercio electr\u00f3nico le informamos que el responsable de la p\u00e1gina web es:<\/p>\n\n\n\n<p><strong>Mondragon Goi Eskola Politeknikoa Jose Mar\u00eda Arizmendiarrieta S.Coop<\/strong>. CIF F20560991. Loramendi 4, 20500 Arrasate\/Mondragon. Registro Universidades Centros y T\u00edtulos del Ministerio de Educaci\u00f3n n.\u00ba 601 \u2013 <a href=\"mailto:info.mgep@mondragon.edu\">info.mgep@mondragon.edu<\/a>&nbsp;<\/p>\n\n\n\n<p>El acceso y consulta tiene car\u00e1cter libre y gratuito. Si bien:<\/p>\n\n\n\n<ul class=\"wp-block-list\">\n<li>MGEP no se responsabiliza de los perjuicios que pueda sufrir el usuario\/a por los errores u omisiones de los contenidos de la web, si bien nos comprometemos a verificar y vigilar peri\u00f3dicamente los contenidos e informaciones del mismo.<\/li>\n\n\n\n<li>Se reserva el derecho de cambiar la web y\/o eliminar caracter\u00edsticas en cualquier momento.<\/li>\n\n\n\n<li>En consecuencia, no se garantiza la fiabilidad, la disponibilidad ni la continuidad de la web ni de los contenidos.<\/li>\n\n\n\n<li>No se garantiza ni se asume ning\u00fan tipo de responsabilidad por los da\u00f1os y perjuicios sufridos por el acceso a contenidos de terceros a trav\u00e9s de conexiones, v\u00ednculos o links de los sitios enlazados. MGEP no ser\u00e1 en ning\u00fan caso responsable del resultado obtenido a trav\u00e9s de dichos enlaces o de las consecuencias que se deriven del acceso por los usuarios\/as a los mismos. Estos contenidos de terceros son proporcionados por \u00e9stos, por lo que el no podemos<strong> <\/strong>la licitud de los contenidos ni la calidad de los servicios ofrecidos. En consecuencia, el usuario\/a debe extremar la prudencia en la valoraci\u00f3n y utilizaci\u00f3n de la informaci\u00f3n y servicios existentes en los contenidos de terceros.<\/li>\n\n\n\n<li>Para la solicitud de plaza el usuario\/a simplemente deber\u00e1 seguir los pasos establecidos en el portal recibiendo en su correo electr\u00f3nico dicha solicitud.<\/li>\n<\/ul>\n\n\n\n<h3 class=\"wp-block-heading\"><strong>Propiedad intelectual e industrial<\/strong><\/h3>\n\n\n\n<p>Los derechos de propiedad intelectual y\/o industrial sobre los contenidos, informaci\u00f3n, marcas, etc. puestas a disposici\u00f3n a trav\u00e9s de la web son propiedad de MGEP o de sus leg\u00edtimos propietarios, quedando reservados todos los derechos sobre los mismos.<\/p>\n\n\n\n<h3 class=\"wp-block-heading\"><strong>Normativa aplicable<\/strong><\/h3>\n\n\n\n<p>La ley aplicable en caso de disputa o conflicto de interpretaci\u00f3n de los t\u00e9rminos que conforman este aviso legal, as\u00ed como cualquier cuesti\u00f3n relacionada con los servicios del presente portal, ser\u00e1 la normativa espa\u00f1ola.<\/p>\n<\/div><\/div>\n\n<\/div><\/div>","protected":false},"excerpt":{"rendered":"<p>Aviso legal En cumplimiento de la Ley 34\/2002 de 11 de julio, de servicios de la sociedad de la informaci\u00f3n y comercio electr\u00f3nico le informamos que el responsable de la p\u00e1gina web es: Mondragon Goi Eskola Politeknikoa Jose Mar\u00eda Arizmendiarrieta S.Coop. CIF F20560991. Loramendi 4, 20500 Arrasate\/Mondragon. Registro Universidades Centros y T\u00edtulos del Ministerio de&#8230;<\/p>\n","protected":false},"author":1,"featured_media":702,"parent":0,"menu_order":0,"comment_status":"closed","ping_status":"closed","template":"","meta":{"inline_featured_image":false,"_kad_blocks_custom_css":"","_kad_blocks_head_custom_js":"","_kad_blocks_body_custom_js":"","_kad_blocks_footer_custom_js":"","_kad_post_transparent":"","_kad_post_title":"","_kad_post_layout":"","_kad_post_sidebar_id":"","_kad_post_content_style":"","_kad_post_vertical_padding":"","_kad_post_feature":"","_kad_post_feature_position":"","_kad_post_header":false,"_kad_post_footer":false,"_kad_post_classname":"","footnotes":""},"class_list":["post-221","page","type-page","status-publish","has-post-thumbnail","hentry"],"taxonomy_info":[],"featured_image_src_large":["https:\/\/enpresadigitala.spri.eus\/es\/curso-inteligencia-artificial\/wp-content\/uploads\/2024\/12\/favicon.jpg",734,734,false],"author_info":{"display_name":"Curso inteligencia artificial - BAIC\/SPRI\/MU","author_link":"https:\/\/enpresadigitala.spri.eus\/es\/curso-inteligencia-artificial\/author\/web_mh3tsput\/"},"comment_info":0,"_links":{"self":[{"href":"https:\/\/enpresadigitala.spri.eus\/es\/curso-inteligencia-artificial\/wp-json\/wp\/v2\/pages\/221","targetHints":{"allow":["GET"]}}],"collection":[{"href":"https:\/\/enpresadigitala.spri.eus\/es\/curso-inteligencia-artificial\/wp-json\/wp\/v2\/pages"}],"about":[{"href":"https:\/\/enpresadigitala.spri.eus\/es\/curso-inteligencia-artificial\/wp-json\/wp\/v2\/types\/page"}],"author":[{"embeddable":true,"href":"https:\/\/enpresadigitala.spri.eus\/es\/curso-inteligencia-artificial\/wp-json\/wp\/v2\/users\/1"}],"replies":[{"embeddable":true,"href":"https:\/\/enpresadigitala.spri.eus\/es\/curso-inteligencia-artificial\/wp-json\/wp\/v2\/comments?post=221"}],"version-history":[{"count":10,"href":"https:\/\/enpresadigitala.spri.eus\/es\/curso-inteligencia-artificial\/wp-json\/wp\/v2\/pages\/221\/revisions"}],"predecessor-version":[{"id":728,"href":"https:\/\/enpresadigitala.spri.eus\/es\/curso-inteligencia-artificial\/wp-json\/wp\/v2\/pages\/221\/revisions\/728"}],"wp:featuredmedia":[{"embeddable":true,"href":"https:\/\/enpresadigitala.spri.eus\/es\/curso-inteligencia-artificial\/wp-json\/wp\/v2\/media\/702"}],"wp:attachment":[{"href":"https:\/\/enpresadigitala.spri.eus\/es\/curso-inteligencia-artificial\/wp-json\/wp\/v2\/media?parent=221"}],"curies":[{"name":"wp","href":"https:\/\/api.w.org\/{rel}","templated":true}]}}